{"id":202,"date":"2017-05-31T04:17:56","date_gmt":"2017-05-31T04:17:56","guid":{"rendered":"http:\/\/import.themovation.com\/embark\/river-rafting\/my-account\/"},"modified":"2025-06-07T14:31:06","modified_gmt":"2025-06-07T14:31:06","slug":"my-account","status":"publish","type":"page","link":"https:\/\/kitview-asia.com\/vi\/my-account\/","title":{"rendered":"T\u00e0i Kho\u1ea3n"},"content":{"rendered":"Vui l\u00f2ng <a data-login_url=\"\" href=\"#\" class=\"tutor-open-login-modal\">\u0110\u0103ng nh\u1eadp<\/a> \u0111\u1ec3 xem trang n\u00e0y","protected":false},"excerpt":{"rendered":"<p>Vui l\u00f2ng \u0110\u0103ng nh\u1eadp \u0111\u1ec3 xem trang n\u00e0y<\/p>","protected":false},"author":8,"featured_media":0,"parent":0,"menu_order":61,"comment_status":"closed","ping_status":"closed","template":"","meta":{"footnotes":""},"class_list":["post-202","page","type-page","status-publish","hentry"],"yoast_head":"<!-- This site is optimized with the Yoast SEO plugin v26.6 - https:\/\/yoast.com\/wordpress\/plugins\/seo\/ -->\n<title>My Account - Kitview Asia: The Digital Ally of Modern Orthodontics<\/title>\n<meta name=\"robots\" content=\"index, follow, max-snippet:-1, max-image-preview:large, max-video-preview:-1\" \/>\n<link rel=\"canonical\" href=\"https:\/\/kitview-asia.com\/vi\/my-account\/\" \/>\n<meta property=\"og:locale\" content=\"vi_VN\" \/>\n<meta property=\"og:type\" content=\"article\" \/>\n<meta property=\"og:title\" content=\"My Account - Kitview Asia: The Digital Ally of Modern Orthodontics\" \/>\n<meta property=\"og:description\" content=\"Vui l\u00f2ng \u0110\u0103ng nh\u1eadp \u0111\u1ec3 xem trang n\u00e0y\" \/>\n<meta property=\"og:url\" content=\"https:\/\/kitview-asia.com\/vi\/my-account\/\" \/>\n<meta property=\"og:site_name\" content=\"Kitview Asia: The Digital Ally of Modern Orthodontics\" \/>\n<meta property=\"article:publisher\" content=\"https:\/\/www.facebook.com\/profile.php?id=61556636463212\" \/>\n<meta property=\"article:modified_time\" content=\"2025-06-07T14:31:06+00:00\" \/>\n<meta name=\"twitter:card\" content=\"summary_large_image\" \/>\n<script type=\"application\/ld+json\" class=\"yoast-schema-graph\">{\"@context\":\"https:\/\/schema.org\",\"@graph\":[{\"@type\":\"WebPage\",\"@id\":\"https:\/\/kitview-asia.com\/my-account\/\",\"url\":\"https:\/\/kitview-asia.com\/my-account\/\",\"name\":\"My Account - Kitview Asia: The Digital Ally of Modern Orthodontics\",\"isPartOf\":{\"@id\":\"https:\/\/kitview-asia.com\/#website\"},\"datePublished\":\"2017-05-31T04:17:56+00:00\",\"dateModified\":\"2025-06-07T14:31:06+00:00\",\"breadcrumb\":{\"@id\":\"https:\/\/kitview-asia.com\/my-account\/#breadcrumb\"},\"inLanguage\":\"vi\",\"potentialAction\":[{\"@type\":\"ReadAction\",\"target\":[\"https:\/\/kitview-asia.com\/my-account\/\"]}]},{\"@type\":\"BreadcrumbList\",\"@id\":\"https:\/\/kitview-asia.com\/my-account\/#breadcrumb\",\"itemListElement\":[{\"@type\":\"ListItem\",\"position\":1,\"name\":\"Home\",\"item\":\"https:\/\/kitview-asia.com\/\"},{\"@type\":\"ListItem\",\"position\":2,\"name\":\"My Account\"}]},{\"@type\":\"WebSite\",\"@id\":\"https:\/\/kitview-asia.com\/#website\",\"url\":\"https:\/\/kitview-asia.com\/\",\"name\":\"Kitview Asia: The Digital Ally of Modern Orthodontics\",\"description\":\"\",\"publisher\":{\"@id\":\"https:\/\/kitview-asia.com\/#organization\"},\"potentialAction\":[{\"@type\":\"SearchAction\",\"target\":{\"@type\":\"EntryPoint\",\"urlTemplate\":\"https:\/\/kitview-asia.com\/?s={search_term_string}\"},\"query-input\":{\"@type\":\"PropertyValueSpecification\",\"valueRequired\":true,\"valueName\":\"search_term_string\"}}],\"inLanguage\":\"vi\"},{\"@type\":\"Organization\",\"@id\":\"https:\/\/kitview-asia.com\/#organization\",\"name\":\"Kitview Asia\",\"url\":\"https:\/\/kitview-asia.com\/\",\"logo\":{\"@type\":\"ImageObject\",\"inLanguage\":\"vi\",\"@id\":\"https:\/\/kitview-asia.com\/#\/schema\/logo\/image\/\",\"url\":\"https:\/\/kitview-asia.com\/wp-content\/uploads\/2025\/05\/photo_2025-05-13_14.34.59-removebg-preview-1.webp\",\"contentUrl\":\"https:\/\/kitview-asia.com\/wp-content\/uploads\/2025\/05\/photo_2025-05-13_14.34.59-removebg-preview-1.webp\",\"width\":1000,\"height\":181,\"caption\":\"Kitview Asia\"},\"image\":{\"@id\":\"https:\/\/kitview-asia.com\/#\/schema\/logo\/image\/\"},\"sameAs\":[\"https:\/\/www.facebook.com\/profile.php?id=61556636463212\"]}]}<\/script>\n<!-- \/ Yoast SEO plugin. -->","yoast_head_json":{"title":"My Account - Kitview Asia: The Digital Ally of Modern Orthodontics","robots":{"index":"index","follow":"follow","max-snippet":"max-snippet:-1","max-image-preview":"max-image-preview:large","max-video-preview":"max-video-preview:-1"},"canonical":"https:\/\/kitview-asia.com\/vi\/my-account\/","og_locale":"vi_VN","og_type":"article","og_title":"My Account - Kitview Asia: The Digital Ally of Modern Orthodontics","og_description":"Vui l\u00f2ng \u0110\u0103ng nh\u1eadp \u0111\u1ec3 xem trang n\u00e0y","og_url":"https:\/\/kitview-asia.com\/vi\/my-account\/","og_site_name":"Kitview Asia: The Digital Ally of Modern Orthodontics","article_publisher":"https:\/\/www.facebook.com\/profile.php?id=61556636463212","article_modified_time":"2025-06-07T14:31:06+00:00","twitter_card":"summary_large_image","schema":{"@context":"https:\/\/schema.org","@graph":[{"@type":"WebPage","@id":"https:\/\/kitview-asia.com\/my-account\/","url":"https:\/\/kitview-asia.com\/my-account\/","name":"My Account - Kitview Asia: The Digital Ally of Modern Orthodontics","isPartOf":{"@id":"https:\/\/kitview-asia.com\/#website"},"datePublished":"2017-05-31T04:17:56+00:00","dateModified":"2025-06-07T14:31:06+00:00","breadcrumb":{"@id":"https:\/\/kitview-asia.com\/my-account\/#breadcrumb"},"inLanguage":"vi","potentialAction":[{"@type":"ReadAction","target":["https:\/\/kitview-asia.com\/my-account\/"]}]},{"@type":"BreadcrumbList","@id":"https:\/\/kitview-asia.com\/my-account\/#breadcrumb","itemListElement":[{"@type":"ListItem","position":1,"name":"Home","item":"https:\/\/kitview-asia.com\/"},{"@type":"ListItem","position":2,"name":"My Account"}]},{"@type":"WebSite","@id":"https:\/\/kitview-asia.com\/#website","url":"https:\/\/kitview-asia.com\/","name":"Kitview Asia: The Digital Ally of Modern Orthodontics","description":"","publisher":{"@id":"https:\/\/kitview-asia.com\/#organization"},"potentialAction":[{"@type":"SearchAction","target":{"@type":"EntryPoint","urlTemplate":"https:\/\/kitview-asia.com\/?s={search_term_string}"},"query-input":{"@type":"PropertyValueSpecification","valueRequired":true,"valueName":"search_term_string"}}],"inLanguage":"vi"},{"@type":"Organization","@id":"https:\/\/kitview-asia.com\/#organization","name":"Kitview Asia","url":"https:\/\/kitview-asia.com\/","logo":{"@type":"ImageObject","inLanguage":"vi","@id":"https:\/\/kitview-asia.com\/#\/schema\/logo\/image\/","url":"https:\/\/kitview-asia.com\/wp-content\/uploads\/2025\/05\/photo_2025-05-13_14.34.59-removebg-preview-1.webp","contentUrl":"https:\/\/kitview-asia.com\/wp-content\/uploads\/2025\/05\/photo_2025-05-13_14.34.59-removebg-preview-1.webp","width":1000,"height":181,"caption":"Kitview Asia"},"image":{"@id":"https:\/\/kitview-asia.com\/#\/schema\/logo\/image\/"},"sameAs":["https:\/\/www.facebook.com\/profile.php?id=61556636463212"]}]}},"_hostinger_reach_plugin_has_subscription_block":false,"_hostinger_reach_plugin_is_elementor":false,"_links":{"self":[{"href":"https:\/\/kitview-asia.com\/vi\/wp-json\/wp\/v2\/pages\/202","targetHints":{"allow":["GET"]}}],"collection":[{"href":"https:\/\/kitview-asia.com\/vi\/wp-json\/wp\/v2\/pages"}],"about":[{"href":"https:\/\/kitview-asia.com\/vi\/wp-json\/wp\/v2\/types\/page"}],"author":[{"embeddable":true,"href":"https:\/\/kitview-asia.com\/vi\/wp-json\/wp\/v2\/users\/8"}],"replies":[{"embeddable":true,"href":"https:\/\/kitview-asia.com\/vi\/wp-json\/wp\/v2\/comments?post=202"}],"version-history":[{"count":6,"href":"https:\/\/kitview-asia.com\/vi\/wp-json\/wp\/v2\/pages\/202\/revisions"}],"predecessor-version":[{"id":2005,"href":"https:\/\/kitview-asia.com\/vi\/wp-json\/wp\/v2\/pages\/202\/revisions\/2005"}],"wp:attachment":[{"href":"https:\/\/kitview-asia.com\/vi\/wp-json\/wp\/v2\/media?parent=202"}],"curies":[{"name":"wp","href":"https:\/\/api.w.org\/{rel}","templated":true}]}}