{"id":208,"date":"2017-05-24T23:30:16","date_gmt":"2017-05-25T06:30:16","guid":{"rendered":"http:\/\/import.themovation.com\/embark\/river-rafting\/?page_id=71"},"modified":"2026-03-21T13:26:50","modified_gmt":"2026-03-21T13:26:50","slug":"contact","status":"publish","type":"page","link":"https:\/\/kitview-asia.com\/vi\/contact\/","title":{"rendered":"Li\u00ean H\u1ec7"},"content":{"rendered":"<div data-elementor-type=\"wp-post\" data-elementor-id=\"208\" class=\"elementor elementor-208\" data-elementor-post-type=\"page\">\n\t\t\t\t<div class=\"elementor-element elementor-element-75a6578 e-flex e-con-boxed e-con e-parent\" data-id=\"75a6578\" data-element_type=\"container\">\n\t\t\t\t\t<div class=\"e-con-inner\">\n\t\t<div class=\"elementor-element elementor-element-2fe28c6 e-con-full e-flex e-con e-child\" data-id=\"2fe28c6\" data-element_type=\"container\">\n\t\t\t\t<div class=\"elementor-element elementor-element-0df2810 elementor-widget elementor-widget-heading\" data-id=\"0df2810\" data-element_type=\"widget\" data-widget_type=\"heading.default\">\n\t\t\t\t<div class=\"elementor-widget-container\">\n\t\t\t\t\t<h2 class=\"elementor-heading-title elementor-size-default\">Li\u00ean h\u1ec7 v\u1edbi ch\u00fang t\u00f4i<\/h2>\t\t\t\t<\/div>\n\t\t\t\t<\/div>\n\t\t\t\t<div class=\"elementor-element elementor-element-9229e1b elementor-position-inline-start elementor-mobile-position-inline-start elementor-view-stacked elementor-shape-square elementor-widget elementor-widget-icon-box\" data-id=\"9229e1b\" data-element_type=\"widget\" data-widget_type=\"icon-box.default\">\n\t\t\t\t<div class=\"elementor-widget-container\">\n\t\t\t\t\t\t\t<div class=\"elementor-icon-box-wrapper\">\n\n\t\t\t\t\t\t<div class=\"elementor-icon-box-icon\">\n\t\t\t\t<span  class=\"elementor-icon\">\n\t\t\t\t<i aria-hidden=\"true\" class=\"fas fa-phone-alt\"><\/i>\t\t\t\t<\/span>\n\t\t\t<\/div>\n\t\t\t\n\t\t\t\t\t\t<div class=\"elementor-icon-box-content\">\n\n\t\t\t\t\t\t\t\t\t<div class=\"elementor-icon-box-title\">\n\t\t\t\t\t\t<span  >\n\t\t\t\t\t\t\t\u0110i\u1ec7n tho\u1ea1i\t\t\t\t\t\t<\/span>\n\t\t\t\t\t<\/div>\n\t\t\t\t\n\t\t\t\t\t\t\t\t\t<p class=\"elementor-icon-box-description\">\n\t\t\t\t\t\t+66 82 217 5130\t\t\t\t\t<\/p>\n\t\t\t\t\n\t\t\t<\/div>\n\t\t\t\n\t\t<\/div>\n\t\t\t\t\t\t<\/div>\n\t\t\t\t<\/div>\n\t\t\t\t<div class=\"elementor-element elementor-element-9a531ae elementor-position-inline-start elementor-mobile-position-inline-start elementor-view-stacked elementor-shape-square elementor-widget elementor-widget-icon-box\" data-id=\"9a531ae\" data-element_type=\"widget\" data-widget_type=\"icon-box.default\">\n\t\t\t\t<div class=\"elementor-widget-container\">\n\t\t\t\t\t\t\t<div class=\"elementor-icon-box-wrapper\">\n\n\t\t\t\t\t\t<div class=\"elementor-icon-box-icon\">\n\t\t\t\t<span  class=\"elementor-icon\">\n\t\t\t\t<i aria-hidden=\"true\" class=\"far fa-envelope\"><\/i>\t\t\t\t<\/span>\n\t\t\t<\/div>\n\t\t\t\n\t\t\t\t\t\t<div class=\"elementor-icon-box-content\">\n\n\t\t\t\t\t\t\t\t\t<div class=\"elementor-icon-box-title\">\n\t\t\t\t\t\t<span  >\n\t\t\t\t\t\t\tEmail\t\t\t\t\t\t<\/span>\n\t\t\t\t\t<\/div>\n\t\t\t\t\n\t\t\t\t\t\t\t\t\t<p class=\"elementor-icon-box-description\">\n\t\t\t\t\t\tcontact@kitviewasia.com\t\t\t\t\t<\/p>\n\t\t\t\t\n\t\t\t<\/div>\n\t\t\t\n\t\t<\/div>\n\t\t\t\t\t\t<\/div>\n\t\t\t\t<\/div>\n\t\t\t\t<div class=\"elementor-element elementor-element-e72cd62 elementor-position-inline-start elementor-mobile-position-inline-start elementor-view-stacked elementor-shape-square elementor-widget elementor-widget-icon-box\" data-id=\"e72cd62\" data-element_type=\"widget\" data-widget_type=\"icon-box.default\">\n\t\t\t\t<div class=\"elementor-widget-container\">\n\t\t\t\t\t\t\t<div class=\"elementor-icon-box-wrapper\">\n\n\t\t\t\t\t\t<div class=\"elementor-icon-box-icon\">\n\t\t\t\t<span  class=\"elementor-icon\">\n\t\t\t\t<i aria-hidden=\"true\" class=\"fas fa-map-marked-alt\"><\/i>\t\t\t\t<\/span>\n\t\t\t<\/div>\n\t\t\t\n\t\t\t\t\t\t<div class=\"elementor-icon-box-content\">\n\n\t\t\t\t\t\t\t\t\t<div class=\"elementor-icon-box-title\">\n\t\t\t\t\t\t<span  >\n\t\t\t\t\t\t\t\u0110\u1ecba ch\u1ec9\t\t\t\t\t\t<\/span>\n\t\t\t\t\t<\/div>\n\t\t\t\t\n\t\t\t\t\t\t\t\t\t<p class=\"elementor-icon-box-description\">\n\t\t\t\t\t\t19\/61 Sukhumvit 13 \n(Saengchan), Khlongtoei Nuea, Watthana, Bangkok 10110\t\t\t\t\t<\/p>\n\t\t\t\t\n\t\t\t<\/div>\n\t\t\t\n\t\t<\/div>\n\t\t\t\t\t\t<\/div>\n\t\t\t\t<\/div>\n\t\t\t\t<\/div>\n\t\t<div class=\"elementor-element elementor-element-0201633 e-con-full e-flex e-con e-child\" data-id=\"0201633\" data-element_type=\"container\">\n\t\t\t\t<div class=\"elementor-element elementor-element-45e60bd elementor-widget elementor-widget-google_maps\" data-id=\"45e60bd\" data-element_type=\"widget\" data-widget_type=\"google_maps.default\">\n\t\t\t\t<div class=\"elementor-widget-container\">\n\t\t\t\t\t\t\t<div class=\"elementor-custom-embed\">\n\t\t\t<iframe loading=\"lazy\"\n\t\t\t\t\tsrc=\"https:\/\/maps.google.com\/maps?q=19%2F61%20Sukhumvit%2013%20%28Saechang%29%2C%20Khlongtoei%20Nuea%2C%20Watthana%2C%20Bangkok%2010110&#038;t=m&#038;z=13&#038;output=embed&#038;iwloc=near\"\n\t\t\t\t\ttitle=\"19\/61 Sukhumvit 13 (Saechang), Khlongtoei Nuea, Watthana, Bangkok 10110\"\n\t\t\t\t\taria-label=\"19\/61 Sukhumvit 13 (Saechang), Khlongtoei Nuea, Watthana, Bangkok 10110\"\n\t\t\t><\/iframe>\n\t\t<\/div>\n\t\t\t\t\t\t<\/div>\n\t\t\t\t<\/div>\n\t\t\t\t<\/div>\n\t\t\t\t\t<\/div>\n\t\t\t\t<\/div>\n\t\t<div class=\"elementor-element elementor-element-dd77887 e-grid e-con-boxed e-con e-parent\" data-id=\"dd77887\" data-element_type=\"container\">\n\t\t\t\t\t<div class=\"e-con-inner\">\n\t\t<div class=\"elementor-element elementor-element-0eb07ae e-con-full e-flex e-con e-child\" data-id=\"0eb07ae\" data-element_type=\"container\">\n\t\t\t\t<div class=\"elementor-element elementor-element-b3dd7f5 elementor-widget elementor-widget-heading\" data-id=\"b3dd7f5\" data-element_type=\"widget\" data-widget_type=\"heading.default\">\n\t\t\t\t<div class=\"elementor-widget-container\">\n\t\t\t\t\t<h2 class=\"elementor-heading-title elementor-size-default\">Y\u00eau c\u1ea7u b\u1ea3n demo c\u1ee7a Kitview.\n<\/h2>\t\t\t\t<\/div>\n\t\t\t\t<\/div>\n\t\t\t\t<div class=\"elementor-element elementor-element-5affedd elementor-widget elementor-widget-text-editor\" data-id=\"5affedd\" data-element_type=\"widget\" data-widget_type=\"text-editor.default\">\n\t\t\t\t<div class=\"elementor-widget-container\">\n\t\t\t\t\t\t\t\t\t<div class=\"lg:col-span-2\"><p class=\"text-sm text-slate-600 leading-relaxed\">B\u1ea3n demo KITVIEW mi\u1ec5n ph\u00ed n\u00e0y nh\u1eb1m gi\u1edbi thi\u1ec7u c\u00e1c t\u00ednh n\u0103ng ch\u00ednh c\u1ee7a ph\u1ea7n m\u1ec1m.<\/p><\/div>\t\t\t\t\t\t\t\t<\/div>\n\t\t\t\t<\/div>\n\t\t\t\t<div class=\"elementor-element elementor-element-07887dd elementor-button-align-stretch elementor-widget elementor-widget-form\" data-id=\"07887dd\" data-element_type=\"widget\" data-settings=\"{&quot;step_next_label&quot;:&quot;Next&quot;,&quot;step_previous_label&quot;:&quot;Previous&quot;,&quot;button_width&quot;:&quot;50&quot;,&quot;step_type&quot;:&quot;number_text&quot;,&quot;step_icon_shape&quot;:&quot;circle&quot;}\" data-widget_type=\"form.default\">\n\t\t\t\t<div class=\"elementor-widget-container\">\n\t\t\t\t\t\t\t<form class=\"elementor-form\" method=\"post\" name=\"New Form\" action=\"\">\n\t\t\t<input type=\"hidden\" name=\"post_id\" value=\"208\"\/>\n\t\t\t<input type=\"hidden\" name=\"form_id\" value=\"07887dd\"\/>\n\t\t\t<input type=\"hidden\" name=\"referer_title\" value=\"Contact - Kitview Asia: The Digital Ally of Modern Orthodontics\" \/>\n\n\t\t\t\t\t\t\t<input type=\"hidden\" name=\"queried_id\" value=\"208\"\/>\n\t\t\t\n\t\t\t<div class=\"elementor-form-fields-wrapper elementor-labels-above\">\n\t\t\t\t\t\t\t\t<div class=\"elementor-field-type-text elementor-field-group elementor-column elementor-field-group-name elementor-col-100 elementor-field-required elementor-mark-required\">\n\t\t\t\t\t\t\t\t\t\t\t\t<label for=\"form-field-name\" class=\"elementor-field-label\">\n\t\t\t\t\t\t\t\tH\u1ecd t\u00ean:\t\t\t\t\t\t\t<\/label>\n\t\t\t\t\t\t\t\t\t\t\t\t\t\t<input size=\"1\" type=\"text\" name=\"form_fields[name]\" id=\"form-field-name\" class=\"elementor-field elementor-size-sm  elementor-field-textual\" required=\"required\">\n\t\t\t\t\t\t\t\t\t\t\t<\/div>\n\t\t\t\t\t\t\t\t<div class=\"elementor-field-type-email elementor-field-group elementor-column elementor-field-group-email elementor-col-100 elementor-field-required elementor-mark-required\">\n\t\t\t\t\t\t\t\t\t\t\t\t<label for=\"form-field-email\" class=\"elementor-field-label\">\n\t\t\t\t\t\t\t\tEmail:\t\t\t\t\t\t\t<\/label>\n\t\t\t\t\t\t\t\t\t\t\t\t\t\t<input size=\"1\" type=\"email\" name=\"form_fields[email]\" id=\"form-field-email\" class=\"elementor-field elementor-size-sm  elementor-field-textual\" required=\"required\">\n\t\t\t\t\t\t\t\t\t\t\t<\/div>\n\t\t\t\t\t\t\t\t<div class=\"elementor-field-type-tel elementor-field-group elementor-column elementor-field-group-field_25120f9 elementor-col-100 elementor-field-required elementor-mark-required\">\n\t\t\t\t\t\t\t\t\t\t\t\t<label for=\"form-field-field_25120f9\" class=\"elementor-field-label\">\n\t\t\t\t\t\t\t\t\u0110i\u1ec7n tho\u1ea1i:\t\t\t\t\t\t\t<\/label>\n\t\t\t\t\t\t\t\t<input size=\"1\" type=\"tel\" name=\"form_fields[field_25120f9]\" id=\"form-field-field_25120f9\" class=\"elementor-field elementor-size-sm  elementor-field-textual\" required=\"required\" pattern=\"[0-9()#&amp;+*-=.]+\" title=\"Only numbers and phone characters (#, -, *, etc) are accepted.\" data-no-translation-title=\"\">\n\n\t\t\t\t\t\t<\/div>\n\t\t\t\t\t\t\t\t<div class=\"elementor-field-type-textarea elementor-field-group elementor-column elementor-field-group-message elementor-col-100\">\n\t\t\t\t\t\t\t\t\t\t\t\t<label for=\"form-field-message\" class=\"elementor-field-label\">\n\t\t\t\t\t\t\t\tTin nh\u1eafn\t\t\t\t\t\t\t<\/label>\n\t\t\t\t\t\t<textarea class=\"elementor-field-textual elementor-field  elementor-size-sm\" name=\"form_fields[message]\" id=\"form-field-message\" rows=\"4\" placeholder=\"Tin nh\u1eafn\"><\/textarea>\t\t\t\t<\/div>\n\t\t\t\t\t\t\t\t<div class=\"elementor-field-type-recaptcha_v3 elementor-field-group elementor-column elementor-field-group-field_9450a2c elementor-col-100 recaptcha_v3-bottomright\">\n\t\t\t\t\t<div class=\"elementor-field\" id=\"form-field-field_9450a2c\"><div class=\"elementor-g-recaptcha\" data-sitekey=\"6Ld6ydkrAAAAADbq-5wVdmgFQrpe5pGqMShIQYmH\" data-type=\"v3\" data-action=\"Form\" data-badge=\"bottomright\" data-size=\"invisible\"><\/div><\/div>\t\t\t\t<\/div>\n\t\t\t\t\t\t\t\t<div class=\"elementor-field-group elementor-column elementor-field-type-submit elementor-col-50 e-form__buttons\">\n\t\t\t\t\t<button class=\"elementor-button elementor-size-sm\" type=\"submit\">\n\t\t\t\t\t\t<span class=\"elementor-button-content-wrapper\">\n\t\t\t\t\t\t\t\t\t\t\t\t\t\t\t\t\t\t\t\t\t\t<span class=\"elementor-button-text\">G\u1eedi y\u00eau c\u1ea7u<\/span>\n\t\t\t\t\t\t\t\t\t\t\t\t\t<\/span>\n\t\t\t\t\t<\/button>\n\t\t\t\t<\/div>\n\t\t\t<\/div>\n\t\t<input type=\"hidden\" name=\"trp-form-language\" value=\"vi\"\/><\/form>\n\t\t\t\t\t\t<\/div>\n\t\t\t\t<\/div>\n\t\t\t\t<\/div>\n\t\t<div class=\"elementor-element elementor-element-c6331b3 e-con-full e-flex e-con e-child\" data-id=\"c6331b3\" data-element_type=\"container\">\n\t\t\t\t<div class=\"elementor-element elementor-element-5efbda3 elementor-widget elementor-widget-tew_features_text_list\" data-id=\"5efbda3\" data-element_type=\"widget\" data-widget_type=\"tew_features_text_list.default\">\n\t\t\t\t<div class=\"elementor-widget-container\">\n\t\t\t\t\t\n        <div class=\"tew-features-text-list\">\n                            <h3 class=\"tew-features-heading\">\n                    C\u00e1c t\u00ednh n\u0103ng demo bao g\u1ed3m                <\/h3>\n            \n            <div class=\"tew-features-container\">\n                                    <div class=\"tew-feature-item\">\n                        <div class=\"tew-feature-icon\">\n                            <span class=\"tew-feature-checkmark\">\u2713<\/span>\n                        <\/div>\n                        <div class=\"tew-feature-content\">\n                                                            <div class=\"tew-feature-title\">\n                                    Wireless photo acquisition                                <\/div>\n                                                                                        <div class=\"tew-feature-description\">\n                                    Ch\u1ee5p \u1ea3nh l\u00e2m s\u00e0ng kh\u00f4ng d\u00e2y th\u00f4ng qua m\u00e1y \u1ea3nh ho\u1eb7c \u0111i\u1ec7n tho\u1ea1i th\u00f4ng minh t\u01b0\u01a1ng th\u00edch.                                <\/div>\n                                                    <\/div>\n                    <\/div>\n                                    <div class=\"tew-feature-item\">\n                        <div class=\"tew-feature-icon\">\n                            <span class=\"tew-feature-checkmark\">\u2713<\/span>\n                        <\/div>\n                        <div class=\"tew-feature-content\">\n                                                            <div class=\"tew-feature-title\">\n                                    Bao g\u1ed3m tr\u00ecnh chi\u1ebfu PDF t\u1ef1 \u0111\u1ed9ng.                                <\/div>\n                                                                                        <div class=\"tew-feature-description\">\n                                    T\u1ea1o ngay b\u1ea3n tr\u00ecnh b\u00e0y PDF s\u1eb5n s\u00e0ng chia s\u1ebb t\u1eeb nh\u1eefng h\u00ecnh \u1ea3nh b\u1ea1n \u0111\u00e3 ch\u1ee5p.                                <\/div>\n                                                    <\/div>\n                    <\/div>\n                                    <div class=\"tew-feature-item\">\n                        <div class=\"tew-feature-icon\">\n                            <span class=\"tew-feature-checkmark\">\u2713<\/span>\n                        <\/div>\n                        <div class=\"tew-feature-content\">\n                                                            <div class=\"tew-feature-title\">\n                                    Bao g\u1ed3m b\u1ea3n tr\u00ecnh chi\u1ebfu PowerPoint (t\u1ed1i \u0111a 15 slide)                                <\/div>\n                                                                                        <div class=\"tew-feature-description\">\n                                    Nh\u1eadn b\u1ea3n tr\u00ecnh b\u00e0y PowerPoint \u0111\u01b0\u1ee3c c\u1ea5u tr\u00fac chuy\u00ean nghi\u1ec7p v\u1edbi t\u1ed1i \u0111a 15 slide.                                <\/div>\n                                                    <\/div>\n                    <\/div>\n                                    <div class=\"tew-feature-item\">\n                        <div class=\"tew-feature-icon\">\n                            <span class=\"tew-feature-checkmark\">\u2713<\/span>\n                        <\/div>\n                        <div class=\"tew-feature-content\">\n                                                            <div class=\"tew-feature-title\">\n                                    T\u00edch h\u1ee3p m\u1ea1ng m\u00e1y t\u00ednh to\u00e0n di\u1ec7n cho ph\u00f2ng kh\u00e1m                                <\/div>\n                                                                                        <div class=\"tew-feature-description\">\n                                    Ho\u00e0n t\u1ea5t thi\u1ebft l\u1eadp tr\u00ean to\u00e0n b\u1ed9 m\u1ea1ng n\u1ed9i b\u1ed9 c\u1ee7a ph\u00f2ng kh\u00e1m \u0111\u1ec3 \u0111\u1ea3m b\u1ea3o hi\u1ec7u su\u1ea5t \u0111\u1ed3ng b\u1ed9.                                <\/div>\n                                                    <\/div>\n                    <\/div>\n                                    <div class=\"tew-feature-item\">\n                        <div class=\"tew-feature-icon\">\n                            <span class=\"tew-feature-checkmark\">\u2713<\/span>\n                        <\/div>\n                        <div class=\"tew-feature-content\">\n                                                            <div class=\"tew-feature-title\">\n                                    Video chuy\u00ean nghi\u1ec7p (1\u20131,5 ph\u00fat)                                <\/div>\n                                                                                        <div class=\"tew-feature-description\">\n                                    M\u1ed9t video ng\u1eafn gi\u1edbi thi\u1ec7u c\u00e1ch s\u1eed d\u1ee5ng Kitview v\u00e0 nh\u1eadn di\u1ec7n th\u01b0\u01a1ng hi\u1ec7u ph\u00f2ng kh\u00e1m c\u1ee7a b\u1ea1n \u2014 \u0111\u01b0\u1ee3c \u0111\u0103ng t\u1ea3i l\u00ean Facebook.                                <\/div>\n                                                    <\/div>\n                    <\/div>\n                            <\/div>\n        <\/div>\n\n        \t\t\t\t<\/div>\n\t\t\t\t<\/div>\n\t\t\t\t<\/div>\n\t\t\t\t\t<\/div>\n\t\t\t\t<\/div>\n\t\t<div class=\"elementor-element elementor-element-013329b e-flex e-con-boxed e-con e-parent\" data-id=\"013329b\" data-element_type=\"container\" data-settings=\"{&quot;background_background&quot;:&quot;classic&quot;}\">\n\t\t\t\t\t<div class=\"e-con-inner\">\n\t\t\t\t<div class=\"elementor-element elementor-element-c012ff2 elementor-invisible elementor-widget elementor-widget-heading\" data-id=\"c012ff2\" data-element_type=\"widget\" data-settings=\"{&quot;_animation&quot;:&quot;fadeInDown&quot;}\" data-widget_type=\"heading.default\">\n\t\t\t\t<div class=\"elementor-widget-container\">\n\t\t\t\t\t<h1 class=\"elementor-heading-title elementor-size-default\">H\u00e3y c\u00f9ng ch\u00fang t\u00f4i ki\u1ebfn t\u1ea1o t\u01b0\u01a1ng lai<\/h1>\t\t\t\t<\/div>\n\t\t\t\t<\/div>\n\t\t\t\t<div class=\"elementor-element elementor-element-843d1c8 elementor-align-center elementor-invisible elementor-widget elementor-widget-button\" data-id=\"843d1c8\" data-element_type=\"widget\" data-settings=\"{&quot;_animation&quot;:&quot;fadeInDown&quot;}\" data-widget_type=\"button.default\">\n\t\t\t\t<div class=\"elementor-widget-container\">\n\t\t\t\t\t\t\t\t\t<div class=\"elementor-button-wrapper\">\n\t\t\t\t\t<a class=\"elementor-button elementor-button-link elementor-size-sm elementor-animation-grow\" href=\"\/vi\/contacts\/\">\n\t\t\t\t\t\t<span class=\"elementor-button-content-wrapper\">\n\t\t\t\t\t\t\t\t\t<span class=\"elementor-button-text\">Li\u00ean H\u1ec7<\/span>\n\t\t\t\t\t<\/span>\n\t\t\t\t\t<\/a>\n\t\t\t\t<\/div>\n\t\t\t\t\t\t\t\t<\/div>\n\t\t\t\t<\/div>\n\t\t\t\t\t<\/div>\n\t\t\t\t<\/div>\n\t\t\t\t<\/div>","protected":false},"excerpt":{"rendered":"<p>Get In Touch Phone +66 82 217 5130 Mail contact@kitviewasia.com Address 19\/61 Sukhumvit 13 (Saengchan), Khlongtoei Nuea, Watthana, Bangkok 10110 Request a demo for Kitview Demonstration A free KITVIEW demonstration to showcase the main features of the software. Demonstration Features Included \u2713 Wireless photo acquisition Capture clinical photos wirelessly via compatible cameras or smartphones. \u2713 [&hellip;]<\/p>","protected":false},"author":8,"featured_media":0,"parent":0,"menu_order":26,"comment_status":"closed","ping_status":"closed","template":"elementor_header_footer","meta":{"footnotes":""},"class_list":["post-208","page","type-page","status-publish","hentry"],"yoast_head":"<!-- This site is optimized with the Yoast SEO plugin v26.6 - https:\/\/yoast.com\/wordpress\/plugins\/seo\/ -->\n<title>Contact - Kitview Asia: The Digital Ally of Modern Orthodontics<\/title>\n<meta name=\"robots\" content=\"index, follow, max-snippet:-1, max-image-preview:large, max-video-preview:-1\" \/>\n<link rel=\"canonical\" href=\"https:\/\/kitview-asia.com\/vi\/contact\/\" \/>\n<meta property=\"og:locale\" content=\"vi_VN\" \/>\n<meta property=\"og:type\" content=\"article\" \/>\n<meta property=\"og:title\" content=\"Contact - Kitview Asia: The Digital Ally of Modern Orthodontics\" \/>\n<meta property=\"og:description\" content=\"Get In Touch Phone +66 82 217 5130 Mail contact@kitviewasia.com Address 19\/61 Sukhumvit 13 (Saengchan), Khlongtoei Nuea, Watthana, Bangkok 10110 Request a demo for Kitview Demonstration A free KITVIEW demonstration to showcase the main features of the software. Demonstration Features Included \u2713 Wireless photo acquisition Capture clinical photos wirelessly via compatible cameras or smartphones. \u2713 [&hellip;]\" \/>\n<meta property=\"og:url\" content=\"https:\/\/kitview-asia.com\/vi\/contact\/\" \/>\n<meta property=\"og:site_name\" content=\"Kitview Asia: The Digital Ally of Modern Orthodontics\" \/>\n<meta property=\"article:publisher\" content=\"https:\/\/www.facebook.com\/profile.php?id=61556636463212\" \/>\n<meta property=\"article:modified_time\" content=\"2026-03-21T13:26:50+00:00\" \/>\n<meta name=\"twitter:card\" content=\"summary_large_image\" \/>\n<meta name=\"twitter:label1\" content=\"\u01af\u1edbc t\u00ednh th\u1eddi gian \u0111\u1ecdc\" \/>\n\t<meta name=\"twitter:data1\" content=\"1 ph\u00fat\" \/>\n<script type=\"application\/ld+json\" class=\"yoast-schema-graph\">{\"@context\":\"https:\/\/schema.org\",\"@graph\":[{\"@type\":\"WebPage\",\"@id\":\"https:\/\/kitview-asia.com\/contact\/\",\"url\":\"https:\/\/kitview-asia.com\/contact\/\",\"name\":\"Contact - Kitview Asia: The Digital Ally of Modern Orthodontics\",\"isPartOf\":{\"@id\":\"https:\/\/kitview-asia.com\/#website\"},\"datePublished\":\"2017-05-25T06:30:16+00:00\",\"dateModified\":\"2026-03-21T13:26:50+00:00\",\"breadcrumb\":{\"@id\":\"https:\/\/kitview-asia.com\/contact\/#breadcrumb\"},\"inLanguage\":\"vi\",\"potentialAction\":[{\"@type\":\"ReadAction\",\"target\":[\"https:\/\/kitview-asia.com\/contact\/\"]}]},{\"@type\":\"BreadcrumbList\",\"@id\":\"https:\/\/kitview-asia.com\/contact\/#breadcrumb\",\"itemListElement\":[{\"@type\":\"ListItem\",\"position\":1,\"name\":\"Home\",\"item\":\"https:\/\/kitview-asia.com\/\"},{\"@type\":\"ListItem\",\"position\":2,\"name\":\"Contact\"}]},{\"@type\":\"WebSite\",\"@id\":\"https:\/\/kitview-asia.com\/#website\",\"url\":\"https:\/\/kitview-asia.com\/\",\"name\":\"Kitview Asia: The Digital Ally of Modern Orthodontics\",\"description\":\"\",\"publisher\":{\"@id\":\"https:\/\/kitview-asia.com\/#organization\"},\"potentialAction\":[{\"@type\":\"SearchAction\",\"target\":{\"@type\":\"EntryPoint\",\"urlTemplate\":\"https:\/\/kitview-asia.com\/?s={search_term_string}\"},\"query-input\":{\"@type\":\"PropertyValueSpecification\",\"valueRequired\":true,\"valueName\":\"search_term_string\"}}],\"inLanguage\":\"vi\"},{\"@type\":\"Organization\",\"@id\":\"https:\/\/kitview-asia.com\/#organization\",\"name\":\"Kitview Asia\",\"url\":\"https:\/\/kitview-asia.com\/\",\"logo\":{\"@type\":\"ImageObject\",\"inLanguage\":\"vi\",\"@id\":\"https:\/\/kitview-asia.com\/#\/schema\/logo\/image\/\",\"url\":\"https:\/\/kitview-asia.com\/wp-content\/uploads\/2025\/05\/photo_2025-05-13_14.34.59-removebg-preview-1.webp\",\"contentUrl\":\"https:\/\/kitview-asia.com\/wp-content\/uploads\/2025\/05\/photo_2025-05-13_14.34.59-removebg-preview-1.webp\",\"width\":1000,\"height\":181,\"caption\":\"Kitview Asia\"},\"image\":{\"@id\":\"https:\/\/kitview-asia.com\/#\/schema\/logo\/image\/\"},\"sameAs\":[\"https:\/\/www.facebook.com\/profile.php?id=61556636463212\"]}]}<\/script>\n<!-- \/ Yoast SEO plugin. -->","yoast_head_json":{"title":"Contact - Kitview Asia: The Digital Ally of Modern Orthodontics","robots":{"index":"index","follow":"follow","max-snippet":"max-snippet:-1","max-image-preview":"max-image-preview:large","max-video-preview":"max-video-preview:-1"},"canonical":"https:\/\/kitview-asia.com\/vi\/contact\/","og_locale":"vi_VN","og_type":"article","og_title":"Contact - Kitview Asia: The Digital Ally of Modern Orthodontics","og_description":"Get In Touch Phone +66 82 217 5130 Mail contact@kitviewasia.com Address 19\/61 Sukhumvit 13 (Saengchan), Khlongtoei Nuea, Watthana, Bangkok 10110 Request a demo for Kitview Demonstration A free KITVIEW demonstration to showcase the main features of the software. Demonstration Features Included \u2713 Wireless photo acquisition Capture clinical photos wirelessly via compatible cameras or smartphones. \u2713 [&hellip;]","og_url":"https:\/\/kitview-asia.com\/vi\/contact\/","og_site_name":"Kitview Asia: The Digital Ally of Modern Orthodontics","article_publisher":"https:\/\/www.facebook.com\/profile.php?id=61556636463212","article_modified_time":"2026-03-21T13:26:50+00:00","twitter_card":"summary_large_image","twitter_misc":{"\u01af\u1edbc t\u00ednh th\u1eddi gian \u0111\u1ecdc":"1 ph\u00fat"},"schema":{"@context":"https:\/\/schema.org","@graph":[{"@type":"WebPage","@id":"https:\/\/kitview-asia.com\/contact\/","url":"https:\/\/kitview-asia.com\/contact\/","name":"Contact - Kitview Asia: The Digital Ally of Modern Orthodontics","isPartOf":{"@id":"https:\/\/kitview-asia.com\/#website"},"datePublished":"2017-05-25T06:30:16+00:00","dateModified":"2026-03-21T13:26:50+00:00","breadcrumb":{"@id":"https:\/\/kitview-asia.com\/contact\/#breadcrumb"},"inLanguage":"vi","potentialAction":[{"@type":"ReadAction","target":["https:\/\/kitview-asia.com\/contact\/"]}]},{"@type":"BreadcrumbList","@id":"https:\/\/kitview-asia.com\/contact\/#breadcrumb","itemListElement":[{"@type":"ListItem","position":1,"name":"Home","item":"https:\/\/kitview-asia.com\/"},{"@type":"ListItem","position":2,"name":"Contact"}]},{"@type":"WebSite","@id":"https:\/\/kitview-asia.com\/#website","url":"https:\/\/kitview-asia.com\/","name":"Kitview Asia: The Digital Ally of Modern Orthodontics","description":"","publisher":{"@id":"https:\/\/kitview-asia.com\/#organization"},"potentialAction":[{"@type":"SearchAction","target":{"@type":"EntryPoint","urlTemplate":"https:\/\/kitview-asia.com\/?s={search_term_string}"},"query-input":{"@type":"PropertyValueSpecification","valueRequired":true,"valueName":"search_term_string"}}],"inLanguage":"vi"},{"@type":"Organization","@id":"https:\/\/kitview-asia.com\/#organization","name":"Kitview Asia","url":"https:\/\/kitview-asia.com\/","logo":{"@type":"ImageObject","inLanguage":"vi","@id":"https:\/\/kitview-asia.com\/#\/schema\/logo\/image\/","url":"https:\/\/kitview-asia.com\/wp-content\/uploads\/2025\/05\/photo_2025-05-13_14.34.59-removebg-preview-1.webp","contentUrl":"https:\/\/kitview-asia.com\/wp-content\/uploads\/2025\/05\/photo_2025-05-13_14.34.59-removebg-preview-1.webp","width":1000,"height":181,"caption":"Kitview Asia"},"image":{"@id":"https:\/\/kitview-asia.com\/#\/schema\/logo\/image\/"},"sameAs":["https:\/\/www.facebook.com\/profile.php?id=61556636463212"]}]}},"_hostinger_reach_plugin_has_subscription_block":false,"_hostinger_reach_plugin_is_elementor":false,"_links":{"self":[{"href":"https:\/\/kitview-asia.com\/vi\/wp-json\/wp\/v2\/pages\/208","targetHints":{"allow":["GET"]}}],"collection":[{"href":"https:\/\/kitview-asia.com\/vi\/wp-json\/wp\/v2\/pages"}],"about":[{"href":"https:\/\/kitview-asia.com\/vi\/wp-json\/wp\/v2\/types\/page"}],"author":[{"embeddable":true,"href":"https:\/\/kitview-asia.com\/vi\/wp-json\/wp\/v2\/users\/8"}],"replies":[{"embeddable":true,"href":"https:\/\/kitview-asia.com\/vi\/wp-json\/wp\/v2\/comments?post=208"}],"version-history":[{"count":132,"href":"https:\/\/kitview-asia.com\/vi\/wp-json\/wp\/v2\/pages\/208\/revisions"}],"predecessor-version":[{"id":5345,"href":"https:\/\/kitview-asia.com\/vi\/wp-json\/wp\/v2\/pages\/208\/revisions\/5345"}],"wp:attachment":[{"href":"https:\/\/kitview-asia.com\/vi\/wp-json\/wp\/v2\/media?parent=208"}],"curies":[{"name":"wp","href":"https:\/\/api.w.org\/{rel}","templated":true}]}}