{"id":3271,"date":"2025-08-31T14:30:33","date_gmt":"2025-08-31T14:30:33","guid":{"rendered":"https:\/\/kitview-asia.com\/?page_id=3271"},"modified":"2026-02-08T09:54:41","modified_gmt":"2026-02-08T09:54:41","slug":"testimonials","status":"publish","type":"page","link":"https:\/\/kitview-asia.com\/vi\/testimonials\/","title":{"rendered":"Video \u0110\u00e1nh Gi\u00e1"},"content":{"rendered":"<div id=\"testimonialVideosSectionV2Main\" class=\"thinh-blocks-testimonial-videos-section-v2 py-16 bg-white\">\n    <div id=\"testimonialVideosV2ContainerMain\" class=\"max-w-6xl mx-auto px-4 sm:px-6 lg:px-8\">\n        <!-- Header Section -->\n        <div id=\"testimonialVideosV2HeaderSection\" class=\"layout-heading-section\">\n            <h2 id=\"testimonialVideosV2HeadingPrimary\" class=\"heading-section mb-6\">\n                Nh\u1eefng Chia S\u1ebb T\u1eeb Kh\u00e1ch H\u00e0ng            <\/h2>\n            <p id=\"testimonialVideosV2TextSubtitle\" class=\"text-section-subtitle mx-auto\">\n                H\u00e3y l\u1eafng nghe tr\u1ef1c ti\u1ebfp t\u1eeb nh\u1eefng doanh nghi\u1ec7p \u0111\u00e3 chuy\u1ec3n \u0111\u1ed5i ho\u1ea1t \u0111\u1ed9ng v\u00e0 \u0111\u1ea1t \u0111\u01b0\u1ee3c nh\u1eefng k\u1ebft qu\u1ea3 \u0111\u00e1ng k\u1ec3 nh\u1edd n\u1ec1n t\u1ea3ng c\u1ee7a ch\u00fang t\u00f4i.            <\/p>\n        <\/div>\n\n        <!-- Country Filter -->\n        <div id=\"testimonialVideosV2FilterSection\" class=\"flex justify-center mb-8\">\n            <div class=\"inline-flex gap-2\">\n                <button id=\"testimonialVideosV2FilterAll\"\n                        class=\"\"\n                        data-country=\"all\">\n                    M\u1ecdi Qu\u1ed1c Gia\n                <\/button>\n                                    <button id=\"testimonialVideosV2FilterVietnam\"\n                            class=\"button-selected\"\n                            data-country=\"vietnam\">\n                        Vi\u1ec7t Nam                    <\/button>\n                                    <button id=\"testimonialVideosV2FilterThailand\"\n                            class=\"\"\n                            data-country=\"thailand\">\n                        Th\u00e1i Lan                    <\/button>\n                            <\/div>\n        <\/div>\n\n        <!-- YouTube-Style Video Grid -->\n        <div id=\"testimonialVideosV2Grid\" class=\"grid grid-cols-1 md:grid-cols-2 lg:grid-cols-3 gap-6 mb-16\">\n                        <div id=\"testimonialVideoV2Card2\" class=\"bg-white group cursor-pointer\">\n                <!-- Custom Thumbnail with Play Button Overlay -->\n                <div id=\"testimonialVideoV2ThumbnailWrapper2\"\n                     class=\"relative aspect-video bg-gray-100 rounded-xl overflow-hidden hover:scale-105 transition-transform duration-200 cursor-pointer\"\n                     data-video-url=\"https:\/\/www.youtube.com\/watch?v=lplskQqcGyM\"\n                     data-video-source=\"youtube\">\n                                        \n                                            <img decoding=\"async\" id=\"testimonialVideoV2Thumbnail2\" \n                             src=\"https:\/\/kitview-asia.com\/wp-content\/uploads\/2025\/12\/hqdefault-lplskQqcGyM.jpg\" \n                             alt=\"Dr. Trang testimonial\"\n                             class=\"w-full h-full object-cover\">\n                        \n                        <!-- Play Button Overlay with Waves -->\n                        <div id=\"testimonialVideoV2PlayOverlay2\" class=\"absolute inset-0 flex items-center justify-center opacity-100 transition-opacity duration-200\">\n                            <div class=\"play-button-container relative\">\n                                <!-- Wave rings -->\n                                <div class=\"absolute inset-0 rounded-full animate-ping opacity-30\" style=\"background: rgba(255, 255, 255, 0.4);\"><\/div>\n                                <div class=\"absolute inset-0 rounded-full animate-pulse opacity-20\" style=\"background: rgba(255, 255, 255, 0.3); animation-delay: 0.5s;\"><\/div>\n                                \n                                <!-- Simple transparent play button -->\n                                <div class=\"w-16 h-16 bg-transparent rounded-full flex items-center justify-center hover:scale-110 transition-all duration-200 relative z-10\">\n                                    <svg class=\"w-6 h-6 text-white ml-0.5\" fill=\"currentColor\" viewbox=\"0 0 24 24\">\n                                        <path d=\"M8 5v14l11-7z\"\/>\n                                    <\/svg>\n                                <\/div>\n                            <\/div>\n                        <\/div>\n                        \n                        <!-- Video Duration Badge -->\n                        <div id=\"testimonialVideoV2Duration2\" class=\"absolute bottom-2 right-2 bg-black\/80 text-white text-xs px-2 py-1 rounded\">\n                            2:34                        <\/div>\n                                    <\/div>\n\n                <!-- YouTube-Style Video Info -->\n                <div id=\"testimonialVideoV2Info2\" class=\"pt-4 pb-2\">\n                    <!-- Video Title (Quote) -->\n                                        <h3 id=\"testimonialVideoV2Title2\" class=\"youtube-video-title mb-2\">\n                        D\u1ecbch v\u1ee5 h\u1ed7 tr\u1ee3 kh\u00e1ch h\u00e0ng xu\u1ea5t s\u1eafc v\u00e0 n\u1ec1n t\u1ea3ng  c\u1ef1c k\u1ef3 th\u00e2n thi\u1ec7n v\u1edbi ng\u01b0\u1eddi d\u00f9ng. Ch\u00fang t\u00f4i \u0111\u00e3 th\u1ea5y s\u1ef1 c\u1ea3i thi\u1ec7n ngay l\u1eadp t\u1ee9c v\u1ec1 hi\u1ec7u qu\u1ea3 c\u00f4ng vi\u1ec7c.                    <\/h3>\n                                        \n                    <!-- Channel Info -->\n                    <div id=\"testimonialVideoV2ChannelInfo2\" class=\"flex items-start gap-3\">\n                        <!-- Avatar -->\n                        <div id=\"testimonialVideoV2AvatarWrapper2\" class=\"w-8 h-8 rounded-full bg-gray-200 flex items-center justify-center overflow-hidden flex-shrink-0 mt-1\">\n                                                            <img decoding=\"async\" id=\"testimonialVideoV2Avatar2\" \n                                     src=\"https:\/\/kitview-asia.com\/wp-content\/uploads\/2025\/09\/drTrang.webp\" \n                                     alt=\"Dr. Trang\"\n                                     class=\"w-full h-full object-cover\">\n                                                    <\/div>\n                        \n                        <!-- Channel Details -->\n                        <div id=\"testimonialVideoV2ChannelDetails2\" class=\"min-w-0\">\n                            <div id=\"testimonialVideoV2ChannelName2\" class=\"youtube-channel-name\">\n                                Dr. Trang                            <\/div>\n                            <div id=\"testimonialVideoV2MetaInfo2\" class=\"youtube-meta-info\">\n                                Nikkori Dental Clinic                            <\/div>\n                        <\/div>\n                    <\/div>\n                <\/div>\n            <\/div>\n                        <div id=\"testimonialVideoV2Card3\" class=\"bg-white group cursor-pointer\">\n                <!-- Custom Thumbnail with Play Button Overlay -->\n                <div id=\"testimonialVideoV2ThumbnailWrapper3\"\n                     class=\"relative aspect-video bg-gray-100 rounded-xl overflow-hidden hover:scale-105 transition-transform duration-200 cursor-pointer\"\n                     data-video-url=\"https:\/\/www.youtube.com\/watch?v=bvZlNM0NUkk\"\n                     data-video-source=\"youtube\">\n                                        \n                                            <img decoding=\"async\" id=\"testimonialVideoV2Thumbnail3\" \n                             src=\"https:\/\/kitview-asia.com\/wp-content\/uploads\/2025\/12\/hqdefault-bvZlNM0NUkk.jpg\" \n                             alt=\"Dr. An testimonial\"\n                             class=\"w-full h-full object-cover\">\n                        \n                        <!-- Play Button Overlay with Waves -->\n                        <div id=\"testimonialVideoV2PlayOverlay3\" class=\"absolute inset-0 flex items-center justify-center opacity-100 transition-opacity duration-200\">\n                            <div class=\"play-button-container relative\">\n                                <!-- Wave rings -->\n                                <div class=\"absolute inset-0 rounded-full animate-ping opacity-30\" style=\"background: rgba(255, 255, 255, 0.4);\"><\/div>\n                                <div class=\"absolute inset-0 rounded-full animate-pulse opacity-20\" style=\"background: rgba(255, 255, 255, 0.3); animation-delay: 0.5s;\"><\/div>\n                                \n                                <!-- Simple transparent play button -->\n                                <div class=\"w-16 h-16 bg-transparent rounded-full flex items-center justify-center hover:scale-110 transition-all duration-200 relative z-10\">\n                                    <svg class=\"w-6 h-6 text-white ml-0.5\" fill=\"currentColor\" viewbox=\"0 0 24 24\">\n                                        <path d=\"M8 5v14l11-7z\"\/>\n                                    <\/svg>\n                                <\/div>\n                            <\/div>\n                        <\/div>\n                        \n                        <!-- Video Duration Badge -->\n                        <div id=\"testimonialVideoV2Duration3\" class=\"absolute bottom-2 right-2 bg-black\/80 text-white text-xs px-2 py-1 rounded\">\n                            3:12                        <\/div>\n                                    <\/div>\n\n                <!-- YouTube-Style Video Info -->\n                <div id=\"testimonialVideoV2Info3\" class=\"pt-4 pb-2\">\n                    <!-- Video Title (Quote) -->\n                                        <h3 id=\"testimonialVideoV2Title3\" class=\"youtube-video-title mb-2\">\n                        \u0110\u00e2y l\u00e0 kho\u1ea3n \u0111\u1ea7u t\u01b0 t\u1ed1t nh\u1ea5t m\u00e0 ch\u00fang t\u00f4i t\u1eebng th\u1ef1c hi\u1ec7n cho doanh nghi\u1ec7p c\u1ee7a m\u00ecnh. L\u1ee3i t\u1ee9c \u0111\u1ea7u t\u01b0 (ROI) \u0111\u00e3 th\u1ec3 hi\u1ec7n r\u00f5 r\u00e0ng ngay trong th\u00e1ng \u0111\u1ea7u ti\u00ean tri\u1ec3n khai.                    <\/h3>\n                                        \n                    <!-- Channel Info -->\n                    <div id=\"testimonialVideoV2ChannelInfo3\" class=\"flex items-start gap-3\">\n                        <!-- Avatar -->\n                        <div id=\"testimonialVideoV2AvatarWrapper3\" class=\"w-8 h-8 rounded-full bg-gray-200 flex items-center justify-center overflow-hidden flex-shrink-0 mt-1\">\n                                                            <img decoding=\"async\" id=\"testimonialVideoV2Avatar3\" \n                                     src=\"https:\/\/kitview-asia.com\/wp-content\/uploads\/2025\/09\/drAn.webp\" \n                                     alt=\"Dr. An\"\n                                     class=\"w-full h-full object-cover\">\n                                                    <\/div>\n                        \n                        <!-- Channel Details -->\n                        <div id=\"testimonialVideoV2ChannelDetails3\" class=\"min-w-0\">\n                            <div id=\"testimonialVideoV2ChannelName3\" class=\"youtube-channel-name\">\n                                Dr. An                            <\/div>\n                            <div id=\"testimonialVideoV2MetaInfo3\" class=\"youtube-meta-info\">\n                                Vsita Dental Clinic                            <\/div>\n                        <\/div>\n                    <\/div>\n                <\/div>\n            <\/div>\n                        <div id=\"testimonialVideoV2Card5\" class=\"bg-white group cursor-pointer\">\n                <!-- Custom Thumbnail with Play Button Overlay -->\n                <div id=\"testimonialVideoV2ThumbnailWrapper5\"\n                     class=\"relative aspect-video bg-gray-100 rounded-xl overflow-hidden hover:scale-105 transition-transform duration-200 cursor-pointer\"\n                     data-video-url=\"https:\/\/kitview-asia.com\/wp-content\/uploads\/2025\/12\/15TH-INTERNATIONAL-CONFERENCE-edit-1.mp4\"\n                     data-video-source=\"html5\">\n                                        \n                                            <img decoding=\"async\" id=\"testimonialVideoV2Thumbnail5\" \n                             src=\"https:\/\/kitview-asia.com\/wp-content\/uploads\/2025\/12\/15TH-INTERNATIONAL-CONFERENCE-edit-1-thumbnail.jpg\" \n                             alt=\"Kitview Asia testimonial\"\n                             class=\"w-full h-full object-cover\">\n                        \n                        <!-- Play Button Overlay with Waves -->\n                        <div id=\"testimonialVideoV2PlayOverlay5\" class=\"absolute inset-0 flex items-center justify-center opacity-100 transition-opacity duration-200\">\n                            <div class=\"play-button-container relative\">\n                                <!-- Wave rings -->\n                                <div class=\"absolute inset-0 rounded-full animate-ping opacity-30\" style=\"background: rgba(255, 255, 255, 0.4);\"><\/div>\n                                <div class=\"absolute inset-0 rounded-full animate-pulse opacity-20\" style=\"background: rgba(255, 255, 255, 0.3); animation-delay: 0.5s;\"><\/div>\n                                \n                                <!-- Simple transparent play button -->\n                                <div class=\"w-16 h-16 bg-transparent rounded-full flex items-center justify-center hover:scale-110 transition-all duration-200 relative z-10\">\n                                    <svg class=\"w-6 h-6 text-white ml-0.5\" fill=\"currentColor\" viewbox=\"0 0 24 24\">\n                                        <path d=\"M8 5v14l11-7z\"\/>\n                                    <\/svg>\n                                <\/div>\n                            <\/div>\n                        <\/div>\n                        \n                        <!-- Video Duration Badge -->\n                        <div id=\"testimonialVideoV2Duration5\" class=\"absolute bottom-2 right-2 bg-black\/80 text-white text-xs px-2 py-1 rounded\">\n                            3:12                        <\/div>\n                                    <\/div>\n\n                <!-- YouTube-Style Video Info -->\n                <div id=\"testimonialVideoV2Info5\" class=\"pt-4 pb-2\">\n                    <!-- Video Title (Quote) -->\n                                        <h3 id=\"testimonialVideoV2Title5\" class=\"youtube-video-title mb-2\">\n                        15th International Conference                    <\/h3>\n                                        \n                    <!-- Channel Info -->\n                    <div id=\"testimonialVideoV2ChannelInfo5\" class=\"flex items-start gap-3\">\n                        <!-- Avatar -->\n                        <div id=\"testimonialVideoV2AvatarWrapper5\" class=\"w-8 h-8 rounded-full bg-gray-200 flex items-center justify-center overflow-hidden flex-shrink-0 mt-1\">\n                                                            <span class=\"text-gray-500 font-bold text-xs\">\n                                    K                                <\/span>\n                                                    <\/div>\n                        \n                        <!-- Channel Details -->\n                        <div id=\"testimonialVideoV2ChannelDetails5\" class=\"min-w-0\">\n                            <div id=\"testimonialVideoV2ChannelName5\" class=\"youtube-channel-name\">\n                                Kitview Asia                            <\/div>\n                            <div id=\"testimonialVideoV2MetaInfo5\" class=\"youtube-meta-info\">\n                                International Conference                            <\/div>\n                        <\/div>\n                    <\/div>\n                <\/div>\n            <\/div>\n                    <\/div>\n\n        <!-- CTA Section -->\n        <div id=\"testimonialVideosV2CtaSection\" class=\"text-center\">\n            <p id=\"testimonialVideosV2CtaText\" class=\"text-xl text-gray-700 mb-6\">\n                B\u1ea1n \u0111\u00e3 s\u1eb5n s\u00e0ng tham gia v\u00e0o nh\u1eefng doanh nghi\u1ec7p th\u00e0nh c\u00f4ng n\u00e0y ch\u01b0a?            <\/p>\n            <a href=\"\/vi\/contact\/\" id=\"testimonialVideosV2CtaButton\" class=\"button-primary\">\n                H\u00e3y b\u1eaft \u0111\u1ea7u ngay h\u00f4m nay!            <\/a>\n        <\/div>\n    <\/div>\n<\/div>","protected":false},"excerpt":{"rendered":"","protected":false},"author":8,"featured_media":0,"parent":0,"menu_order":0,"comment_status":"closed","ping_status":"closed","template":"elementor_header_footer","meta":{"footnotes":""},"class_list":["post-3271","page","type-page","status-publish","hentry"],"yoast_head":"<!-- This site is optimized with the Yoast SEO plugin v26.6 - https:\/\/yoast.com\/wordpress\/plugins\/seo\/ -->\n<title>Testimonials - Kitview Asia: The Digital Ally of Modern Orthodontics<\/title>\n<meta name=\"robots\" content=\"index, follow, max-snippet:-1, max-image-preview:large, max-video-preview:-1\" \/>\n<link rel=\"canonical\" href=\"https:\/\/kitview-asia.com\/vi\/testimonials\/\" \/>\n<meta property=\"og:locale\" content=\"vi_VN\" \/>\n<meta property=\"og:type\" content=\"article\" \/>\n<meta property=\"og:title\" content=\"Testimonials - Kitview Asia: The Digital Ally of Modern Orthodontics\" \/>\n<meta property=\"og:url\" content=\"https:\/\/kitview-asia.com\/vi\/testimonials\/\" \/>\n<meta property=\"og:site_name\" content=\"Kitview Asia: The Digital Ally of Modern Orthodontics\" \/>\n<meta property=\"article:publisher\" content=\"https:\/\/www.facebook.com\/profile.php?id=61556636463212\" \/>\n<meta property=\"article:modified_time\" content=\"2026-02-08T09:54:41+00:00\" \/>\n<meta name=\"twitter:card\" content=\"summary_large_image\" \/>\n<script type=\"application\/ld+json\" class=\"yoast-schema-graph\">{\"@context\":\"https:\/\/schema.org\",\"@graph\":[{\"@type\":\"WebPage\",\"@id\":\"https:\/\/kitview-asia.com\/testimonials\/\",\"url\":\"https:\/\/kitview-asia.com\/testimonials\/\",\"name\":\"Testimonials - Kitview Asia: The Digital Ally of Modern Orthodontics\",\"isPartOf\":{\"@id\":\"https:\/\/kitview-asia.com\/#website\"},\"datePublished\":\"2025-08-31T14:30:33+00:00\",\"dateModified\":\"2026-02-08T09:54:41+00:00\",\"breadcrumb\":{\"@id\":\"https:\/\/kitview-asia.com\/testimonials\/#breadcrumb\"},\"inLanguage\":\"vi\",\"potentialAction\":[{\"@type\":\"ReadAction\",\"target\":[\"https:\/\/kitview-asia.com\/testimonials\/\"]}]},{\"@type\":\"BreadcrumbList\",\"@id\":\"https:\/\/kitview-asia.com\/testimonials\/#breadcrumb\",\"itemListElement\":[{\"@type\":\"ListItem\",\"position\":1,\"name\":\"Home\",\"item\":\"https:\/\/kitview-asia.com\/\"},{\"@type\":\"ListItem\",\"position\":2,\"name\":\"Testimonials\"}]},{\"@type\":\"WebSite\",\"@id\":\"https:\/\/kitview-asia.com\/#website\",\"url\":\"https:\/\/kitview-asia.com\/\",\"name\":\"Kitview Asia: The Digital Ally of Modern Orthodontics\",\"description\":\"\",\"publisher\":{\"@id\":\"https:\/\/kitview-asia.com\/#organization\"},\"potentialAction\":[{\"@type\":\"SearchAction\",\"target\":{\"@type\":\"EntryPoint\",\"urlTemplate\":\"https:\/\/kitview-asia.com\/?s={search_term_string}\"},\"query-input\":{\"@type\":\"PropertyValueSpecification\",\"valueRequired\":true,\"valueName\":\"search_term_string\"}}],\"inLanguage\":\"vi\"},{\"@type\":\"Organization\",\"@id\":\"https:\/\/kitview-asia.com\/#organization\",\"name\":\"Kitview Asia\",\"url\":\"https:\/\/kitview-asia.com\/\",\"logo\":{\"@type\":\"ImageObject\",\"inLanguage\":\"vi\",\"@id\":\"https:\/\/kitview-asia.com\/#\/schema\/logo\/image\/\",\"url\":\"https:\/\/kitview-asia.com\/wp-content\/uploads\/2025\/05\/photo_2025-05-13_14.34.59-removebg-preview-1.webp\",\"contentUrl\":\"https:\/\/kitview-asia.com\/wp-content\/uploads\/2025\/05\/photo_2025-05-13_14.34.59-removebg-preview-1.webp\",\"width\":1000,\"height\":181,\"caption\":\"Kitview Asia\"},\"image\":{\"@id\":\"https:\/\/kitview-asia.com\/#\/schema\/logo\/image\/\"},\"sameAs\":[\"https:\/\/www.facebook.com\/profile.php?id=61556636463212\"]}]}<\/script>\n<!-- \/ Yoast SEO plugin. -->","yoast_head_json":{"title":"Testimonials - Kitview Asia: The Digital Ally of Modern Orthodontics","robots":{"index":"index","follow":"follow","max-snippet":"max-snippet:-1","max-image-preview":"max-image-preview:large","max-video-preview":"max-video-preview:-1"},"canonical":"https:\/\/kitview-asia.com\/vi\/testimonials\/","og_locale":"vi_VN","og_type":"article","og_title":"Testimonials - Kitview Asia: The Digital Ally of Modern Orthodontics","og_url":"https:\/\/kitview-asia.com\/vi\/testimonials\/","og_site_name":"Kitview Asia: The Digital Ally of Modern Orthodontics","article_publisher":"https:\/\/www.facebook.com\/profile.php?id=61556636463212","article_modified_time":"2026-02-08T09:54:41+00:00","twitter_card":"summary_large_image","schema":{"@context":"https:\/\/schema.org","@graph":[{"@type":"WebPage","@id":"https:\/\/kitview-asia.com\/testimonials\/","url":"https:\/\/kitview-asia.com\/testimonials\/","name":"Testimonials - Kitview Asia: The Digital Ally of Modern Orthodontics","isPartOf":{"@id":"https:\/\/kitview-asia.com\/#website"},"datePublished":"2025-08-31T14:30:33+00:00","dateModified":"2026-02-08T09:54:41+00:00","breadcrumb":{"@id":"https:\/\/kitview-asia.com\/testimonials\/#breadcrumb"},"inLanguage":"vi","potentialAction":[{"@type":"ReadAction","target":["https:\/\/kitview-asia.com\/testimonials\/"]}]},{"@type":"BreadcrumbList","@id":"https:\/\/kitview-asia.com\/testimonials\/#breadcrumb","itemListElement":[{"@type":"ListItem","position":1,"name":"Home","item":"https:\/\/kitview-asia.com\/"},{"@type":"ListItem","position":2,"name":"Testimonials"}]},{"@type":"WebSite","@id":"https:\/\/kitview-asia.com\/#website","url":"https:\/\/kitview-asia.com\/","name":"Kitview Asia: The Digital Ally of Modern Orthodontics","description":"","publisher":{"@id":"https:\/\/kitview-asia.com\/#organization"},"potentialAction":[{"@type":"SearchAction","target":{"@type":"EntryPoint","urlTemplate":"https:\/\/kitview-asia.com\/?s={search_term_string}"},"query-input":{"@type":"PropertyValueSpecification","valueRequired":true,"valueName":"search_term_string"}}],"inLanguage":"vi"},{"@type":"Organization","@id":"https:\/\/kitview-asia.com\/#organization","name":"Kitview Asia","url":"https:\/\/kitview-asia.com\/","logo":{"@type":"ImageObject","inLanguage":"vi","@id":"https:\/\/kitview-asia.com\/#\/schema\/logo\/image\/","url":"https:\/\/kitview-asia.com\/wp-content\/uploads\/2025\/05\/photo_2025-05-13_14.34.59-removebg-preview-1.webp","contentUrl":"https:\/\/kitview-asia.com\/wp-content\/uploads\/2025\/05\/photo_2025-05-13_14.34.59-removebg-preview-1.webp","width":1000,"height":181,"caption":"Kitview Asia"},"image":{"@id":"https:\/\/kitview-asia.com\/#\/schema\/logo\/image\/"},"sameAs":["https:\/\/www.facebook.com\/profile.php?id=61556636463212"]}]}},"_hostinger_reach_plugin_has_subscription_block":false,"_hostinger_reach_plugin_is_elementor":false,"_links":{"self":[{"href":"https:\/\/kitview-asia.com\/vi\/wp-json\/wp\/v2\/pages\/3271","targetHints":{"allow":["GET"]}}],"collection":[{"href":"https:\/\/kitview-asia.com\/vi\/wp-json\/wp\/v2\/pages"}],"about":[{"href":"https:\/\/kitview-asia.com\/vi\/wp-json\/wp\/v2\/types\/page"}],"author":[{"embeddable":true,"href":"https:\/\/kitview-asia.com\/vi\/wp-json\/wp\/v2\/users\/8"}],"replies":[{"embeddable":true,"href":"https:\/\/kitview-asia.com\/vi\/wp-json\/wp\/v2\/comments?post=3271"}],"version-history":[{"count":21,"href":"https:\/\/kitview-asia.com\/vi\/wp-json\/wp\/v2\/pages\/3271\/revisions"}],"predecessor-version":[{"id":5092,"href":"https:\/\/kitview-asia.com\/vi\/wp-json\/wp\/v2\/pages\/3271\/revisions\/5092"}],"wp:attachment":[{"href":"https:\/\/kitview-asia.com\/vi\/wp-json\/wp\/v2\/media?parent=3271"}],"curies":[{"name":"wp","href":"https:\/\/api.w.org\/{rel}","templated":true}]}}